{"id":845,"date":"2023-07-24T13:21:57","date_gmt":"2023-07-24T17:21:57","guid":{"rendered":"https:\/\/naturalmega.com\/?page_id=845"},"modified":"2025-01-21T14:34:47","modified_gmt":"2025-01-21T18:34:47","slug":"shipping","status":"publish","type":"page","link":"https:\/\/naturalmega.com\/en\/shipping\/","title":{"rendered":"Shipping Policies"},"content":{"rendered":"\t\t<div data-elementor-type=\"wp-page\" data-elementor-id=\"845\" class=\"elementor elementor-845\">\n\t\t\t\t\t\t<section class=\"elementor-section elementor-top-section elementor-element elementor-element-310f36d9 elementor-section-boxed elementor-section-height-default elementor-section-height-default\" data-id=\"310f36d9\" data-element_type=\"section\" data-e-type=\"section\">\n\t\t\t\t\t\t<div class=\"elementor-container elementor-column-gap-default\">\n\t\t\t\t\t<div class=\"elementor-column elementor-col-100 elementor-top-column elementor-element elementor-element-f5452f3\" data-id=\"f5452f3\" data-element_type=\"column\" data-e-type=\"column\">\n\t\t\t<div class=\"elementor-widget-wrap elementor-element-populated\">\n\t\t\t\t\t\t<div class=\"elementor-element elementor-element-34edeeb elementor-widget elementor-widget-tbay-heading\" data-id=\"34edeeb\" data-element_type=\"widget\" data-e-type=\"widget\" data-widget_type=\"tbay-heading.default\">\n\t\t\t\t<div class=\"elementor-widget-container\">\n\t\t\t\t\t\r\n<div class=\"tbay-element tbay-element-heading\">\r\n\t\t\t\t<h3 class=\"heading-tbay-title\">\r\n\t\t\t\t\t\t\t\t\t<span class=\"title\">Pol\u00edticas de env\u00edo<\/span>\r\n\t\t\t\t\t    \t\r\n\t\t\t\t\t\t\t<\/h3>\r\n\t\t<\/div>\t\t\t\t<\/div>\n\t\t\t\t<\/div>\n\t\t\t\t<div class=\"elementor-element elementor-element-38fa5a0c elementor-widget elementor-widget-text-editor\" data-id=\"38fa5a0c\" data-element_type=\"widget\" data-e-type=\"widget\" data-widget_type=\"text-editor.default\">\n\t\t\t\t<div class=\"elementor-widget-container\">\n\t\t\t\t\t\t\t\t\t<section id=\"main-container\" class=\"container\">\n<div class=\"row \">\n<div id=\"main-content\" class=\"main-page col-12\">\n<div id=\"main\" class=\"site-main\">\n<p><strong>ENV\u00cdO Y ENTREGA<\/strong><\/p>\n<p>Los productos adquiridos a en la tienda <strong>NaturalMega.com<\/strong>, se env\u00edan en paquetes a trav\u00e9s de couriers de env\u00edo nacionales e internacionales.<\/p>\n<p>Durante el proceso de pago, usted debe indicar su direcci\u00f3n de env\u00edo de manera correcta, ya que esta ser\u00e1 la direcci\u00f3n con la que se manejar\u00e1n los courriers de env\u00edo. Si ha indicado su direcci\u00f3n de manera err\u00f3nea, esto puede suponer un retraso en la entrega del paquete.<\/p>\n<p><strong>Costo<\/strong><\/p>\n<p>Aunque la mayor\u00eda de nuestros productos incluyen <strong>env\u00edo gratis<\/strong>, en ocasiones, podr\u00edamos aplicar un costo adicional para el env\u00edo, el cual puede variar dependiendo el lugar en donde hayas indicado que le enviemos el paquete. En este caso, te informaremos expl\u00edcitamente si a tu paquete se le aplicar\u00e1 dicho cargo por concepto de env\u00edo. Actualmente, s\u00f3lo ofrecemos env\u00edos dentro del territorio de los Estados Unidos de Norteam\u00e9rica. Los c\u00e1lculos para determinar el costo del env\u00edo se realiza tomando en cuenta el peso y dimensiones de los productos que conforman el paquete.<\/p>\n<p><strong>Manejo y tiempo de env\u00edo<\/strong><\/p>\n<p>Las \u00f3rdenes realizadas antes de las 11:00 am (GMT-4) ser\u00e1n procesadas el mismo d\u00eda.<\/p>\n<p>Las \u00f3rdenes realizadas los s\u00e1bados despu\u00e9s de las 6:00 pm (GMT-4), ser\u00e1n procesadas a partir del lunes siguiente.<\/p>\n<p>Los paquetes dentro de Estados Unidos de Norteam\u00e9rica, son manejados a trav\u00e9s de <strong>USPS<\/strong>. Una vez que su orden sea procesada y entregada a USPS, recibir\u00e1s un <strong>Tracking Number<\/strong> por email con el cual podr\u00e1s ver el estado de tu paquete y el tiempo estimado de entrega por parte de USPS.<\/p>\n<p><strong>PREGUNTAS E INFORMACI\u00d3N DE CONTACTO<\/strong><\/p>\n<p>Si deseas: acceder, corregir, enmendar o borrar cualquier informaci\u00f3n personal que poseamos sobre ti, registrar una queja, o simplemente quieres m\u00e1s informaci\u00f3n, por favor contacta a nuestro Oficial de Cumplimiento de Privacidad en <strong>shipping[arroba]naturalmega.com<\/strong>, por tel\u00e9fono al <strong>(413)417-1928<\/strong>, o por correo postal a <strong>NATURAL MEGA, LLC. 200 N Washington St, PO Box 320664, Alexandria, VA 22320. Estados Unidos de Norteam\u00e9rica<\/strong>.<\/p>\n<\/div>\n<\/div>\n<\/div>\n<\/section>\t\t\t\t\t\t\t\t<\/div>\n\t\t\t\t<\/div>\n\t\t\t\t\t<\/div>\n\t\t<\/div>\n\t\t\t\t\t<\/div>\n\t\t<\/section>\n\t\t\t\t<\/div>\n\t\t","protected":false},"excerpt":{"rendered":"<p>Pol\u00edticas de env\u00edo ENV\u00cdO Y ENTREGA Los productos adquiridos a en la tienda NaturalMega.com, se env\u00edan en paquetes a trav\u00e9s de couriers de env\u00edo nacionales e internacionales. Durante el proceso de pago, usted debe indicar su direcci\u00f3n de env\u00edo de manera correcta, ya que esta ser\u00e1 la direcci\u00f3n con la que se manejar\u00e1n los courriers &hellip; <a href=\"https:\/\/naturalmega.com\/en\/shipping\/\" class=\"more-link\">Continue reading <span class=\"screen-reader-text\">Shipping Policies<\/span><\/a><\/p>","protected":false},"author":1,"featured_media":0,"parent":0,"menu_order":0,"comment_status":"closed","ping_status":"closed","template":"","meta":{"footnotes":""},"class_list":["post-845","page","type-page","status-publish","hentry"],"_links":{"self":[{"href":"https:\/\/naturalmega.com\/en\/wp-json\/wp\/v2\/pages\/845","targetHints":{"allow":["GET"]}}],"collection":[{"href":"https:\/\/naturalmega.com\/en\/wp-json\/wp\/v2\/pages"}],"about":[{"href":"https:\/\/naturalmega.com\/en\/wp-json\/wp\/v2\/types\/page"}],"author":[{"embeddable":true,"href":"https:\/\/naturalmega.com\/en\/wp-json\/wp\/v2\/users\/1"}],"replies":[{"embeddable":true,"href":"https:\/\/naturalmega.com\/en\/wp-json\/wp\/v2\/comments?post=845"}],"version-history":[{"count":8,"href":"https:\/\/naturalmega.com\/en\/wp-json\/wp\/v2\/pages\/845\/revisions"}],"predecessor-version":[{"id":5893,"href":"https:\/\/naturalmega.com\/en\/wp-json\/wp\/v2\/pages\/845\/revisions\/5893"}],"wp:attachment":[{"href":"https:\/\/naturalmega.com\/en\/wp-json\/wp\/v2\/media?parent=845"}],"curies":[{"name":"wp","href":"https:\/\/api.w.org\/{rel}","templated":true}]}}