{"id":3194,"date":"2023-08-15T17:13:33","date_gmt":"2023-08-15T21:13:33","guid":{"rendered":"https:\/\/naturalmega.com\/affiliate-tos-page\/"},"modified":"2024-06-16T19:45:11","modified_gmt":"2024-06-16T23:45:11","slug":"partner-terms","status":"publish","type":"page","link":"https:\/\/naturalmega.com\/en\/partner-terms\/","title":{"rendered":"Terms and Conditions for Representatives"},"content":{"rendered":"\t\t<div data-elementor-type=\"wp-page\" data-elementor-id=\"3194\" class=\"elementor elementor-3194\">\n\t\t\t\t\t\t<section class=\"elementor-section elementor-top-section elementor-element elementor-element-3b465d60 elementor-section-boxed elementor-section-height-default elementor-section-height-default\" data-id=\"3b465d60\" data-element_type=\"section\" data-e-type=\"section\">\n\t\t\t\t\t\t<div class=\"elementor-container elementor-column-gap-default\">\n\t\t\t\t\t<div class=\"elementor-column elementor-col-100 elementor-top-column elementor-element elementor-element-2b1257a1\" data-id=\"2b1257a1\" data-element_type=\"column\" data-e-type=\"column\">\n\t\t\t<div class=\"elementor-widget-wrap elementor-element-populated\">\n\t\t\t\t\t\t<div class=\"elementor-element elementor-element-76c1261 elementor-widget elementor-widget-tbay-heading\" data-id=\"76c1261\" data-element_type=\"widget\" data-e-type=\"widget\" data-widget_type=\"tbay-heading.default\">\n\t\t\t\t<div class=\"elementor-widget-container\">\n\t\t\t\t\t\r\n<div class=\"tbay-element tbay-element-heading\">\r\n\t\t\t\t<h2 class=\"heading-tbay-title\">\r\n\t\t\t\t\t\t\t\t\t<span class=\"title\">T\u00e9rminos y Condiciones para Representantes<\/span>\r\n\t\t\t\t\t    \t\r\n\t\t\t\t\t\t\t<\/h2>\r\n\t\t<\/div>\t\t\t\t<\/div>\n\t\t\t\t<\/div>\n\t\t\t\t<div class=\"elementor-element elementor-element-281208e3 elementor-widget elementor-widget-text-editor\" data-id=\"281208e3\" data-element_type=\"widget\" data-e-type=\"widget\" data-widget_type=\"text-editor.default\">\n\t\t\t\t<div class=\"elementor-widget-container\">\n\t\t\t\t\t\t\t\t\t<p><strong>INFORMACI\u00d3N GENERAL<\/strong><\/p>\n<p>Este sitio web es operado por\u00a0<strong>NATURAL MEGA, LLC<\/strong>. En todo el sitio, los t\u00e9rminos \u201cnosotros\u201d, \u201cnos\u201d y \u201cnuestro\u201d se refieren a\u00a0<strong>NATURAL MEGA, LLC<\/strong>, quien ofrece este sitio web, incluyendo toda la informaci\u00f3n, herramientas y servicios disponibles para ti en este sitio. El usuario, est\u00e1 condicionado a la aceptaci\u00f3n de todos los t\u00e9rminos, condiciones, pol\u00edticas y notificaciones aqu\u00ed establecidos para ingresar a nuestro programa de Representantes.<\/p>\n<p>Al aplicar para Representante, aceptas los siguientes t\u00e9rminos y condiciones (\u201cT\u00e9rminos de Servicio\u201d, \u201cT\u00e9rminos\u201d), incluidos todos los t\u00e9rminos y condiciones adicionales y las pol\u00edticas a las que se hace referencia en el presente documento y\/o disponible a trav\u00e9s de hiperv\u00ednculos. Estas Condiciones de Servicio se aplican a todos los solicitantes a aplicar.<\/p>\n<p>Por favor, lee estos T\u00e9rminos de Servicio cuidadosamente antes de llenar tu aplicaci\u00f3n. Al acceder o utilizar cualquier parte del sitio, est\u00e1s aceptando los T\u00e9rminos de Servicio. Si no est\u00e1s de acuerdo con todos los t\u00e9rminos y condiciones de este acuerdo, entonces no deber\u00edas aplicar para ser Representante.<\/p>\n<p>Cualquier funci\u00f3n nueva o herramienta que se a\u00f1adan nuestro sitio Web, tambi\u00e9n estar\u00e1n sujetas a los T\u00e9rminos de Servicio. Puedes revisar la versi\u00f3n actualizada de los T\u00e9rminos de Servicio, en cualquier momento en esta p\u00e1gina. Nos reservamos el derecho de actualizar, cambiar o reemplazar cualquier parte de los T\u00e9rminos de Servicio mediante la publicaci\u00f3n de actualizaciones y\/o cambios en nuestro sitio web. Es tu responsabilidad revisar esta p\u00e1gina peri\u00f3dicamente para verificar cambios. Tu uso continuo o el acceso al sitio web despu\u00e9s de la publicaci\u00f3n de cualquier cambio constituye la aceptaci\u00f3n de dichos cambios.<\/p>\n<p><strong>SECCI\u00d3N 1 \u2013 CONDICIONES GENERALES<\/strong><\/p>\n<p>Nos reservamos el derecho de rechazar la aplicaci\u00f3n de cualquier persona, por cualquier motivo y en cualquier momento.<\/p>\n<p>Si desea ser Representante, debe suministrar toda la informaci\u00f3n requerida por NATURAL MEGA, LLC, para poder procesar su solicitud.<\/p>\n<p>Las solicitudes con informaci\u00f3n faltante o inexacta, podr\u00edan ser rechazadas por nuestro Departamento de Ventas.<\/p>\n<p>En caso de adquirir inventarios al por mayor, los Representantes de NATURAL MEGA, LLC, est\u00e1n limitados a ofrecer nuestros productos y servicios a nombre de la compa\u00f1\u00eda conforme a lo establecido en nuestros T\u00e9rminos y condiciones, Pol\u00edticas de privacidad, Pol\u00edticas de devoluci\u00f3n y Pol\u00edticas de env\u00edo.<\/p>\n<p><strong>SECCI\u00d3N 2 \u2013 CONDICIONES DE LOS REPRESENTANTES<\/strong><\/p>\n<p>Cada Representante tendr\u00e1 un enlace \u00fanico cifrado, el cual deber\u00e1 compartir con sus clientes y relacionados, para que estos ingresen a la tienda y adquieran nuestros productos.<\/p>\n<p>Una vez que un cliente acceda a nuestra tienda a trav\u00e9s del enlace de un representante, dicho enlace almacenar\u00e1 una cookie que identificar\u00e1 al visitante como referido por el Representante.<\/p>\n<p>La cookie generada por el enlace \u00fanico cifrado se almacenar\u00e1 en el dispositivo del visitante por un per\u00edodo de sesenta (60) d\u00edas.<\/p>\n<p>Cada vez que el cliente realice una compra desde el dispositivo con la cookie, el sistema de NATURAL MEGA, LLC acreditar\u00e1 el porcentaje correspondiente a la cuenta del Representante.<\/p>\n<p>Las comisiones se estar\u00e1n generando mientras la cookie est\u00e9 activa en el dispositivo del cliente.<\/p>\n<p><strong>SECCI\u00d3N 3 \u2013 METAS PARA RECOMPENSA Y COMISIONES<br \/><\/strong><\/p>\n<p>Al ser incorporado como Representante de NATURAL MEGA, LLC, inicias ganando una comisi\u00f3n del 20% sobre las ventas promovidas y realizadas desde nuestra tienda virtual y a trav\u00e9s de tu enlace \u00fanico cifrado.<\/p>\n<p>A medida que el Representante va ganando dinero para s\u00ed mismo, NATURAL MEGA, LLC premiar\u00e1 los logros del Representante, aumentando su comisi\u00f3n por venta.<\/p>\n<p>Existen diferentes metas para recibir recompensa, las cuales se ir\u00e1n alcanzando a medida que el Representante genere ganancias para s\u00ed mismo a trav\u00e9s de su red de clientes.<\/p>\n<table id=\"partner_terms\" style=\"width: 100%;\" width=\"100%\">\n<tbody>\n<tr>\n<td style=\"background-color: #07915e; width: 586px;\" width=\"586\">\n<p><span style=\"color: #ffffff;\"><strong>METAS PARA RECOMPENSAS<\/strong><\/span><\/p>\n<\/td>\n<\/tr>\n<tr>\n<td style=\"background-color: #e0e0e0; width: 586px;\" width=\"586\">\n<p><strong>1ra Meta:<\/strong>\u00a0MegaBronce<\/p>\n<p><strong>Meta<\/strong>\u00a0<strong>a<\/strong>\u00a0<strong>alcanzar<\/strong>:\u00a0Ser Representante de Ventas<\/p>\n<p><strong>Porcentaje<\/strong>\u00a0<strong>a<\/strong>\u00a0<strong>ganar<\/strong>:\u00a020%<\/p>\n<\/td>\n<\/tr>\n<tr>\n<td width=\"586\">\n<p><strong>2da Meta<\/strong>:\u00a0MegaPlata<\/p>\n<p><strong>Debes haber ganado para ti<\/strong>:\u00a05 mil d\u00f3lares<\/p>\n<p><strong>Porcentaje a ganar<\/strong>:\u00a030%<\/p>\n<\/td>\n<\/tr>\n<tr>\n<td style=\"background-color: #e0e0e0; width: 586px;\" width=\"586\">\n<p><strong>3era <\/strong><strong>Meta<\/strong>: MegaOro<\/p>\n<p><strong>Debes haber ganado para ti<\/strong>:\u00a010 mil d\u00f3lares<\/p>\n<p><strong>Porcentaje a ganar<\/strong>:\u00a035%<\/p>\n<\/td>\n<\/tr>\n<tr>\n<td width=\"586\">\n<p><strong>4ta Meta<\/strong>:\u00a0MegaZafiro<\/p>\n<p><strong>Debes haber ganado para ti<\/strong>:\u00a020 mil d\u00f3lares<\/p>\n<p><strong>Porcentaje a ganar<\/strong>:\u00a040%<\/p>\n<\/td>\n<\/tr>\n<tr>\n<td style=\"background-color: #e0e0e0; width: 586px;\" width=\"586\">\n<p><strong>5ta Meta:<\/strong><strong>\u00a0<\/strong>MegaDiamante<\/p>\n<p><strong>Debes haber ganado para ti:<\/strong><strong>\u00a0<\/strong>30 mil d\u00f3lares<\/p>\n<p><strong>Porcentaje a ganar:<\/strong><strong>\u00a0<\/strong>50%<\/p>\n<\/td>\n<\/tr>\n<\/tbody>\n<\/table>\n<p><strong>SECCI\u00d3N 4 \u2013 PRECIOS Y MODIFICACIONES AL SERVICIO<\/strong><\/p>\n<p>Los representantes pueden obtener descuentos al realizar compras al por mayor.<\/p>\n<p>Para compras al por mayor, los representantes deben enviar una solicitud de cotizaci\u00f3n a la direcci\u00f3n info[arroba]naturalmega.com<\/p>\n<p>Los precios de nuestros productos est\u00e1n sujetos a cambio sin previo aviso.<\/p>\n<p>Nos reservamos el derecho de modificar o discontinuar el Servicio (o cualquier parte del contenido) en cualquier momento sin aviso previo.<\/p>\n<p>No seremos responsables ante ti o alguna tercera parte por cualquier modificaci\u00f3n, cambio de precio, suspensi\u00f3n o discontinuidad del Servicio.<\/p>\n<p><strong>SECCI\u00d3N 5 \u2013 PRODUCTOS O SERVICIOS<\/strong><\/p>\n<p>Ciertos productos o servicios pueden estar disponibles exclusivamente en l\u00ednea a trav\u00e9s del sitio web. Estos productos o servicios pueden tener cantidades limitadas y estar sujetas a devoluci\u00f3n o cambio de acuerdo a nuestra\u00a0<a href=\"https:\/\/naturalmega.com\/refund\/\">Pol\u00edticas de Devoluci\u00f3n<\/a>\u00a0solamente.<\/p>\n<p>Las declaraciones contenidas en nuestros productos naturales, no han sido evaluadas por la Administraci\u00f3n de Drogas y Alimentos (FDA). Nuestros productos naturales no est\u00e1n destinados diagnosticar, tratar, curar o prevenir ninguna enfermedad, ni a sustituir la opini\u00f3n de los profesionales de la salud. Consulta a tu m\u00e9dico o nutricionista antes de utilizar cualquier suplemento nutricional.<\/p>\n<p><strong>SECCI\u00d3N 7 \u2013 HERRAMIENTAS OPCIONALES<\/strong><\/p>\n<p>Es posible que te proporcionemos acceso a herramientas de terceros a los cuales no monitoreamos y sobre los que no tenemos control ni entrada.<\/p>\n<p>Reconoces y aceptas que proporcionamos acceso a este tipo de herramientas \u201ctal cual\u201d y \u201cseg\u00fan disponibilidad\u201d sin garant\u00edas, representaciones o condiciones de ning\u00fan tipo y sin ning\u00fan respaldo. No tendremos responsabilidad alguna derivada de o relacionada con tu uso de herramientas proporcionadas por terceras partes.<\/p>\n<p>Cualquier uso que hagas de las herramientas opcionales que se ofrecen a trav\u00e9s del sitio bajo tu propio riesgo y discreci\u00f3n, debes asegurarte de estar familiarizado y aprobar los t\u00e9rminos bajo los cuales estas herramientas son proporcionadas por el o los proveedores de terceros.<\/p>\n<p>Tambi\u00e9n es posible que, en el futuro, te ofrezcamos nuevos servicios y\/o caracter\u00edsticas a trav\u00e9s del sitio web (incluyendo el lanzamiento de nuevas herramientas y recursos). Estas nuevas caracter\u00edsticas y\/o servicios tambi\u00e9n estar\u00e1n sujetos a estos T\u00e9rminos de Servicio.<\/p>\n<p><strong>SECCI\u00d3N 10 \u2013 INFORMACI\u00d3N PERSONAL<\/strong><\/p>\n<p>Tu presentaci\u00f3n de informaci\u00f3n personal a trav\u00e9s del sitio se rige por nuestra\u00a0<a href=\"https:\/\/naturalmega.com\/privacy\/\">Pol\u00edtica de Privacidad<\/a>.<\/p>\n<p><strong>SECCI\u00d3N 11 \u2013 ERRORES, INEXACTITUDES Y OMISIONES<\/strong><\/p>\n<p>De vez en cuando puede haber informaci\u00f3n en nuestro sitio o en el Servicio que contiene errores tipogr\u00e1ficos, inexactitudes u omisiones que puedan estar relacionadas con las descripciones de productos, precios, promociones, ofertas, gastos de env\u00edo del producto, el tiempo de tr\u00e1nsito y la disponibilidad. Nos reservamos el derecho de corregir los errores, inexactitudes u omisiones y de cambiar o actualizar la informaci\u00f3n o cancelar pedidos si alguna informaci\u00f3n en el Servicio o en cualquier sitio web relacionado es inexacta en cualquier momento sin previo aviso (incluso despu\u00e9s de que hayas enviado tu orden).<\/p>\n<p>No asumimos ninguna obligaci\u00f3n de actualizar, corregir o aclarar la informaci\u00f3n en el Servicio o en cualquier sitio web relacionado, incluyendo, sin limitaci\u00f3n, la informaci\u00f3n de precios, excepto cuando sea requerido por la ley. Ninguna especificaci\u00f3n actualizada o fecha de actualizaci\u00f3n aplicada en el Servicio o en cualquier sitio web relacionado, debe ser tomada para indicar que toda la informaci\u00f3n en el Servicio o en cualquier sitio web relacionado ha sido modificado o actualizado.<\/p>\n<p><strong>T\u00c9RMINOS Y CONDICIONES<\/strong><\/p>\n<p>Para lo no descrito en este documento, refi\u00e9rase a nuestros <a href=\"https:\/\/naturalmega.com\/terms\/\">T\u00e9rminos y condiciones<\/a>, <a href=\"https:\/\/naturalmega.com\/privacy\/\">Pol\u00edticas de privacidad<\/a>, Pol\u00edticas de devoluci\u00f3n y <a href=\"https:\/\/naturalmega.com\/shipping-policies\/\">Pol\u00edticas de env\u00edo<\/a>.<\/p>\n<p><strong>SECCI\u00d3N 20 \u2013 INFORMACI\u00d3N DE CONTACTO<\/strong><\/p>\n<p>Las preguntas acerca de los T\u00e9rminos de Servicio deben ser enviadas a\u00a0<strong>info[arroba]naturalmega.com<\/strong>, por tel\u00e9fono al <strong>(413)417-1928<\/strong>, o por correo postal a <strong>NATURAL MEGA, LLC. 12116 Holly Knoll Circle, Great Falls, VA 22066. Estados Unidos de Norteam\u00e9rica<\/strong>.<\/p>\n<div class=\"notranslate\" style=\"all: initial;\">\u00a0<\/div>\t\t\t\t\t\t\t\t<\/div>\n\t\t\t\t<\/div>\n\t\t\t\t\t<\/div>\n\t\t<\/div>\n\t\t\t\t\t<\/div>\n\t\t<\/section>\n\t\t\t\t<\/div>\n\t\t","protected":false},"excerpt":{"rendered":"<p>T\u00e9rminos y Condiciones para Representantes INFORMACI\u00d3N GENERAL Este sitio web es operado por\u00a0NATURAL MEGA, LLC. En todo el sitio, los t\u00e9rminos \u201cnosotros\u201d, \u201cnos\u201d y \u201cnuestro\u201d se refieren a\u00a0NATURAL MEGA, LLC, quien ofrece este sitio web, incluyendo toda la informaci\u00f3n, herramientas y servicios disponibles para ti en este sitio. El usuario, est\u00e1 condicionado a la aceptaci\u00f3n &hellip; <a href=\"https:\/\/naturalmega.com\/en\/partner-terms\/\" class=\"more-link\">Continue reading <span class=\"screen-reader-text\">Terms and Conditions for Representatives<\/span><\/a><\/p>","protected":false},"author":1,"featured_media":3415,"parent":0,"menu_order":0,"comment_status":"closed","ping_status":"closed","template":"","meta":{"footnotes":""},"class_list":["post-3194","page","type-page","status-publish","has-post-thumbnail","hentry"],"_links":{"self":[{"href":"https:\/\/naturalmega.com\/en\/wp-json\/wp\/v2\/pages\/3194","targetHints":{"allow":["GET"]}}],"collection":[{"href":"https:\/\/naturalmega.com\/en\/wp-json\/wp\/v2\/pages"}],"about":[{"href":"https:\/\/naturalmega.com\/en\/wp-json\/wp\/v2\/types\/page"}],"author":[{"embeddable":true,"href":"https:\/\/naturalmega.com\/en\/wp-json\/wp\/v2\/users\/1"}],"replies":[{"embeddable":true,"href":"https:\/\/naturalmega.com\/en\/wp-json\/wp\/v2\/comments?post=3194"}],"version-history":[{"count":36,"href":"https:\/\/naturalmega.com\/en\/wp-json\/wp\/v2\/pages\/3194\/revisions"}],"predecessor-version":[{"id":4306,"href":"https:\/\/naturalmega.com\/en\/wp-json\/wp\/v2\/pages\/3194\/revisions\/4306"}],"wp:featuredmedia":[{"embeddable":true,"href":"https:\/\/naturalmega.com\/en\/wp-json\/wp\/v2\/media\/3415"}],"wp:attachment":[{"href":"https:\/\/naturalmega.com\/en\/wp-json\/wp\/v2\/media?parent=3194"}],"curies":[{"name":"wp","href":"https:\/\/api.w.org\/{rel}","templated":true}]}}