{"id":3,"date":"2023-07-13T21:57:27","date_gmt":"2023-07-14T01:57:27","guid":{"rendered":"https:\/\/naturalmega.com\/?page_id=3"},"modified":"2025-01-21T14:37:14","modified_gmt":"2025-01-21T18:37:14","slug":"privacy","status":"publish","type":"page","link":"https:\/\/naturalmega.com\/en\/privacy\/","title":{"rendered":"Privacy policies"},"content":{"rendered":"\t\t<div data-elementor-type=\"wp-page\" data-elementor-id=\"3\" class=\"elementor elementor-3\">\n\t\t\t\t\t\t<section class=\"elementor-section elementor-top-section elementor-element elementor-element-2b0cb3d1 elementor-section-boxed elementor-section-height-default elementor-section-height-default\" data-id=\"2b0cb3d1\" data-element_type=\"section\" data-e-type=\"section\">\n\t\t\t\t\t\t<div class=\"elementor-container elementor-column-gap-default\">\n\t\t\t\t\t<div class=\"elementor-column elementor-col-100 elementor-top-column elementor-element elementor-element-5b89c1c8\" data-id=\"5b89c1c8\" data-element_type=\"column\" data-e-type=\"column\">\n\t\t\t<div class=\"elementor-widget-wrap elementor-element-populated\">\n\t\t\t\t\t\t<div class=\"elementor-element elementor-element-8eb4e64 elementor-widget elementor-widget-tbay-heading\" data-id=\"8eb4e64\" data-element_type=\"widget\" data-e-type=\"widget\" data-widget_type=\"tbay-heading.default\">\n\t\t\t\t<div class=\"elementor-widget-container\">\n\t\t\t\t\t\r\n<div class=\"tbay-element tbay-element-heading\">\r\n\t\t\t\t<h3 class=\"heading-tbay-title\">\r\n\t\t\t\t\t\t\t\t\t<span class=\"title\">Pol\u00edticas de Privacidad<\/span>\r\n\t\t\t\t\t    \t\r\n\t\t\t\t\t\t\t<\/h3>\r\n\t\t<\/div>\t\t\t\t<\/div>\n\t\t\t\t<\/div>\n\t\t\t\t<div class=\"elementor-element elementor-element-307f7430 elementor-widget elementor-widget-text-editor\" data-id=\"307f7430\" data-element_type=\"widget\" data-e-type=\"widget\" data-widget_type=\"text-editor.default\">\n\t\t\t\t<div class=\"elementor-widget-container\">\n\t\t\t\t\t\t\t\t\t<div id=\"tbay-main-content\" class=\"mm-page mm-slideout\">\n<section id=\"main-container\" class=\"container\">\n<div class=\"row \">\n<div id=\"main-content\" class=\"main-page col-12\">\n<div id=\"main\" class=\"site-main\">\n<p><strong>DECLARACI\u00d3N DE PRIVACIDAD<\/strong><\/p>\n<p><strong>SECCI\u00d3N 1 \u2013 \u00bfQU\u00c9 HACEMOS CON TU INFORMACI\u00d3N?<\/strong><\/p>\n<p>Cuando compras algo de nuestra tienda, como parte del proceso de compra venta, nosotros recolectamos la informaci\u00f3n personal que nos suministras, tales como nombre, direcci\u00f3n y correo electr\u00f3nico.<\/p>\n<p>Cuando navegas en nuestra tienda, tambi\u00e9n recibimos de manera autom\u00e1tica la direcci\u00f3n de protocolo de internet de tu computadora (IP), con el fin de proporcionarnos informaci\u00f3n que nos ayude a conocer acerca de su navegador y sistema operativo.<\/p>\n<p><strong>Email marketing<\/strong><\/p>\n<p>Con tu permiso, podremos enviarte correos electr\u00f3nicos acerca de nuestra tienda, nuevos productos, ofertas y otras actualizaciones<\/p>\n<p><strong>SECCI\u00d3N 2 \u2013 CONSENTIMIENTO<\/strong><\/p>\n<p><strong>\u00bfC\u00f3mo obtienen mi consentimiento?<\/strong><\/p>\n<p>Cuando nos provees tu informaci\u00f3n personal para completar una transacci\u00f3n, verificar tu tarjeta de cr\u00e9dito, crear una orden, concertar un env\u00edo o hacer una devoluci\u00f3n, implicamos que aceptas la recolecci\u00f3n y uso por esa raz\u00f3n espec\u00edfica solamente.<\/p>\n<p>Si te pedimos tu informaci\u00f3n personal por una raz\u00f3n secundaria, como marketing, te pediremos directamente tu expreso consentimiento, o te daremos la oportunidad de negarte.<\/p>\n<p><strong>\u00bfC\u00f3mo puedo anular mi consentimiento?<\/strong><\/p>\n<p>Si luego de haber aceptado cambias de opini\u00f3n, puedes anular tu consentimiento para que te contactemos, por la recolecci\u00f3n, uso o divulgaci\u00f3n de tu informaci\u00f3n, en cualquier momento, contact\u00e1ndonos a info[arroba]naturalmega.com o escribi\u00e9ndonos a <strong>NATURAL MEGA, LLC. 200 N Washington St, PO Box 320664, Alexandria, VA 22320. Estados Unidos de Norteam\u00e9rica<\/strong>.<\/p>\n<p><strong>SECCI\u00d3N 3 \u2013 DIVULGACI\u00d3N<\/strong><\/p>\n<p>Podemos divulgar tu informaci\u00f3n personal si se nos requiere por ley o si violas nuestros <a href=\"https:\/\/naturalmega.com\/terms\/\">T\u00e9rminos y Condiciones<\/a>.<\/p>\n<p><strong>SECCI\u00d3N 4 \u2013 TRANSACCIONES ELECTR\u00d3NICAS<\/strong><\/p>\n<p>Tus datos relacionados con tu tarjeta de cr\u00e9dito se procesan a trav\u00e9s de la pasarela de pago Square, suministrada por Square Capital, LLC. Tus datos se almacenan en un servidor seguro detr\u00e1s de un firewall, utilizando tecnolog\u00eda de encriptaci\u00f3n de \u00faltima generaci\u00f3n. NATURAL MEGA, LLC no almacena datos de las tarjetas de cr\u00e9dito de sus clientes. S\u00f3lo recolectamos los datos necesarios para realizar el env\u00edo de los productos adquiridos a trav\u00e9s de nuestra tienda, como nombre, apellidos, correo electr\u00f3nico, direcci\u00f3n de facturaci\u00f3n y n\u00famero de tel\u00e9fono.<\/p>\n<p><strong>Pagos:<\/strong><\/p>\n<p>Todas las pasarelas de pago directo se adhieren a los est\u00e1ndares establecidos por PCI-DSS como lo indicado por el Consejo de Normas de Seguridad de PCI, que es un esfuerzo conjunto de marcas como Visa, MasterCard, American Express y Discover.<\/p>\n<p>Los requisitos del PCI-DSS ayudan a garantizar el manejo seguro de la informaci\u00f3n de tarjetas de cr\u00e9dito de las tiendas y sus proveedores de servicios.<\/p>\n<p>Para una visi\u00f3n m\u00e1s clara, te recomendamos leer nuestros <a href=\"https:\/\/naturalmega.com\/terms\/\">T\u00e9rminos y Condiciones<\/a>.<\/p>\n<p><strong>SECCI\u00d3N 5 \u2013 SERVICIOS DE TERCERAS PARTES<\/strong><\/p>\n<p>En general, los proveedores de terceras partes utilizados por nosotros solo recopilar\u00e1n, usar\u00e1n y divulgar\u00e1n tu informaci\u00f3n en la medida que sea necesaria para que les permita desempe\u00f1ar los servicios que nos proveen.<\/p>\n<p>Sin embargo, algunos proveedores de servicios de terceros, tales como pasarelas de pago y otros procesadores de transacciones de pago, tienen sus propias pol\u00edticas de privacidad con respecto a la informaci\u00f3n que estamos obligados a proporcionarles para las transacciones relacionadas con las compras.<\/p>\n<p>Para estos proveedores, te recomendamos que leas sus pol\u00edticas de privacidad para que puedas entender la manera en que tu informaci\u00f3n personal ser\u00e1 manejada.<\/p>\n<p>En particular, recuerda que algunos proveedores pueden estar ubicados o contar con instalaciones que se encuentran en una jurisdicci\u00f3n diferente a la tuya o nosotros. As\u00ed que, si deseas proceder con una transacci\u00f3n que involucra los servicios de un proveedor a terceros, tu informaci\u00f3n puede estar sujeta a las leyes de la jurisdicci\u00f3n (jurisdicciones) en que se encuentra el proveedor de servicios o sus instalaciones.<\/p>\n<p>A modo de ejemplo, si te encuentras en Canad\u00e1 y tu transacci\u00f3n es procesada por una pasarela de pago con sede en Estados Unidos, entonces tu informaci\u00f3n personal utilizada para completar la transacci\u00f3n puede ser sujeto de divulgaci\u00f3n en virtud de la legislaci\u00f3n de Estados Unidos, incluyendo la Ley Patriota.<\/p>\n<p>Una vez que abandonas el sitio web de nuestra tienda o te rediriges a un sitio o aplicaci\u00f3n de terceros, ya no est\u00e1s siendo regulados por la presente Pol\u00edtica de Privacidad o los T\u00e9rminos de Servicio de nuestra p\u00e1gina web.<\/p>\n<p><strong>Enlaces<\/strong><\/p>\n<p>Cuando haces clic en enlaces de nuestra tienda, puede que seas redirigido fuera de nuestro sitio. No somos responsables por las pr\u00e1cticas de privacidad de otros sitios y te recomendamos leer sus normas de privacidad.<\/p>\n<p><strong>SECCI\u00d3N 6 \u2013 SEGURIDAD<\/strong><\/p>\n<p>Para proteger tu informaci\u00f3n personal, tomamos precauciones razonables y seguimos las mejores pr\u00e1cticas de la industria para asegurarnos de que no haya p\u00e9rdida de manera inapropiada, mal uso, acceso, divulgaci\u00f3n, alteraci\u00f3n o destrucci\u00f3n de la misma.<\/p>\n<p>SI nos proporcionas la informaci\u00f3n de tu tarjeta de cr\u00e9dito, dicha informaci\u00f3n es encriptada mediante la tecnolog\u00eda Secure Socket Layer (SSL) y se almacena con un cifrado AES-256. Aunque ning\u00fan m\u00e9todo de transmisi\u00f3n a trav\u00e9s de Internet o de almacenamiento electr\u00f3nico es 100% seguro, seguimos todos los requisitos de PCI-DSS e implementamos normas adicionales aceptadas por la industria.<\/p>\n<p><strong>COOKIES<\/strong><\/p>\n<p>Nuestro sitio Web utiliza cookies para recopilar informaci\u00f3n sobre las ventas de nuestros representantes y para conocer las preferencias de compras de nuestros clientes. Al aceptar nuestras pol\u00edticas de Cookies, est\u00e1s dando tu consentimiento para dar a conocer tus preferencias de navegaci\u00f3n a fin de permitirnos brindarte mejores productos y servicios adaptados a tus gustos y necesidades.<\/p>\n<p><strong>SECCI\u00d3N 7 \u2013 EDAD DE CONSENTIMIENTO<\/strong><\/p>\n<p>Al utilizar este sitio, declaras que tienes al menos la mayor\u00eda de edad en tu estado o provincia de residencia, o que tienes la mayor\u00eda de edad en tu estado o provincia de residencia y que nos has dado tu consentimiento para permitir que cualquiera de tus dependientes menores use este sitio.<\/p>\n<p><strong>SECCI\u00d3N 8 \u2013 CAMBIOS A ESTA POL\u00cdTICA DE PRIVACIDAD<\/strong><\/p>\n<p>Nos reservamos el derecho de modificar esta pol\u00edtica de privacidad en cualquier momento, as\u00ed que por favor rev\u00edsala frecuentemente. Cambios y aclaraciones entrar\u00e1n en vigencia inmediatamente despu\u00e9s de su publicaci\u00f3n en el sitio web. Si hacemos cambios materiales a esta pol\u00edtica, notificaremos aqu\u00ed que ha sido actualizada, por lo que cual est\u00e1s enterado de qu\u00e9 informaci\u00f3n recopilamos, c\u00f3mo y bajo qu\u00e9 circunstancias, si las hubiere, la utilizamos y\/o divulgamos.<\/p>\n<p>Si nuestra tienda es adquirida o fusionada con otra empresa, tu informaci\u00f3n puede ser transferida a los nuevos propietarios, para que podamos seguir brind\u00e1ndote productos y servicios.<\/p>\n<p><strong>PREGUNTAS E INFORMACI\u00d3N DE CONTACTO<\/strong><\/p>\n<p>Si quieres: acceder, corregir, enmendar o borrar cualquier informaci\u00f3n personal que poseamos sobre ti, registrar una queja, o simplemente quieres m\u00e1s informaci\u00f3n, por favor contacta a nuestro Oficial de Cumplimiento de Privacidad en <strong>info[arroba]naturalmega.com<\/strong>, por tel\u00e9fono al <strong>(267)579-7038<\/strong>, o por correo postal a <strong>NATURAL MEGA, LLC. 200 N Washington St, PO Box 320664, Alexandria, VA 22320. Estados Unidos de Norteam\u00e9rica<\/strong>.<\/p>\n<\/div>\n<\/div>\n<\/div>\n<\/section>\n<\/div>\t\t\t\t\t\t\t\t<\/div>\n\t\t\t\t<\/div>\n\t\t\t\t\t<\/div>\n\t\t<\/div>\n\t\t\t\t\t<\/div>\n\t\t<\/section>\n\t\t\t\t<\/div>\n\t\t","protected":false},"excerpt":{"rendered":"<p>Pol\u00edticas de Privacidad DECLARACI\u00d3N DE PRIVACIDAD SECCI\u00d3N 1 \u2013 \u00bfQU\u00c9 HACEMOS CON TU INFORMACI\u00d3N? Cuando compras algo de nuestra tienda, como parte del proceso de compra venta, nosotros recolectamos la informaci\u00f3n personal que nos suministras, tales como nombre, direcci\u00f3n y correo electr\u00f3nico. Cuando navegas en nuestra tienda, tambi\u00e9n recibimos de manera autom\u00e1tica la direcci\u00f3n de &hellip; <a href=\"https:\/\/naturalmega.com\/en\/privacy\/\" class=\"more-link\">Continue reading <span class=\"screen-reader-text\">Privacy policies<\/span><\/a><\/p>","protected":false},"author":1,"featured_media":0,"parent":0,"menu_order":0,"comment_status":"closed","ping_status":"closed","template":"","meta":{"footnotes":""},"class_list":["post-3","page","type-page","status-publish","hentry"],"_links":{"self":[{"href":"https:\/\/naturalmega.com\/en\/wp-json\/wp\/v2\/pages\/3","targetHints":{"allow":["GET"]}}],"collection":[{"href":"https:\/\/naturalmega.com\/en\/wp-json\/wp\/v2\/pages"}],"about":[{"href":"https:\/\/naturalmega.com\/en\/wp-json\/wp\/v2\/types\/page"}],"author":[{"embeddable":true,"href":"https:\/\/naturalmega.com\/en\/wp-json\/wp\/v2\/users\/1"}],"replies":[{"embeddable":true,"href":"https:\/\/naturalmega.com\/en\/wp-json\/wp\/v2\/comments?post=3"}],"version-history":[{"count":14,"href":"https:\/\/naturalmega.com\/en\/wp-json\/wp\/v2\/pages\/3\/revisions"}],"predecessor-version":[{"id":5896,"href":"https:\/\/naturalmega.com\/en\/wp-json\/wp\/v2\/pages\/3\/revisions\/5896"}],"wp:attachment":[{"href":"https:\/\/naturalmega.com\/en\/wp-json\/wp\/v2\/media?parent=3"}],"curies":[{"name":"wp","href":"https:\/\/api.w.org\/{rel}","templated":true}]}}