{"id":2750,"date":"2023-08-13T17:16:51","date_gmt":"2023-08-13T21:16:51","guid":{"rendered":"https:\/\/naturalmega.com\/?page_id=2750"},"modified":"2025-03-20T21:26:12","modified_gmt":"2025-03-21T01:26:12","slug":"become-partner","status":"publish","type":"page","link":"https:\/\/naturalmega.com\/en\/become-partner\/","title":{"rendered":"Convi\u00e9rtete en Representante"},"content":{"rendered":"<div data-elementor-type=\"wp-page\" data-elementor-id=\"2750\" class=\"elementor elementor-2750\">\n\t\t\t\t\t\t<section class=\"elementor-section elementor-top-section elementor-element elementor-element-ee54d9a elementor-section-stretched elementor-section-boxed elementor-section-height-default elementor-section-height-default\" data-id=\"ee54d9a\" data-element_type=\"section\" data-e-type=\"section\" data-settings=\"{&quot;stretch_section&quot;:&quot;section-stretched&quot;,&quot;background_background&quot;:&quot;classic&quot;}\">\n\t\t\t\t\t\t<div class=\"elementor-container elementor-column-gap-default\">\n\t\t\t\t\t<div class=\"elementor-column elementor-col-50 elementor-top-column elementor-element elementor-element-5aa2d96\" data-id=\"5aa2d96\" data-element_type=\"column\" data-e-type=\"column\" data-settings=\"{&quot;background_background&quot;:&quot;classic&quot;,&quot;animation&quot;:&quot;none&quot;}\">\n\t\t\t<div class=\"elementor-widget-wrap elementor-element-populated\">\n\t\t\t\t\t\t<div class=\"elementor-element elementor-element-6e23444 elementor-widget elementor-widget-tbay-heading\" data-id=\"6e23444\" data-element_type=\"widget\" data-e-type=\"widget\" data-settings=\"{&quot;_animation&quot;:&quot;none&quot;}\" data-widget_type=\"tbay-heading.default\">\n\t\t\t\t<div class=\"elementor-widget-container\">\n\t\t\t\t\t\r\n<div class=\"tbay-element tbay-element-heading\">\r\n\t\t\t\t<h3 class=\"heading-tbay-title translation-block\"><span class=\"title\">Become an Authorized Partner and earn from 20% to 50% of your sales<\/span>\n<span class=\"subtitle\">No Capital \u2013 No Inventory \u2013 No Store<\/span><\/h3>\r\n\t\t<\/div>\t\t\t\t<\/div>\n\t\t\t\t<\/div>\n\t\t\t\t\t<\/div>\n\t\t<\/div>\n\t\t\t\t<div class=\"elementor-column elementor-col-50 elementor-top-column elementor-element elementor-element-fa6ecbe\" data-id=\"fa6ecbe\" data-element_type=\"column\" data-e-type=\"column\" data-settings=\"{&quot;animation&quot;:&quot;none&quot;}\">\n\t\t\t<div class=\"elementor-widget-wrap elementor-element-populated\">\n\t\t\t\t\t\t<div class=\"elementor-element elementor-element-cad494d elementor-widget elementor-widget-image\" data-id=\"cad494d\" data-element_type=\"widget\" data-e-type=\"widget\" data-settings=\"{&quot;_animation&quot;:&quot;none&quot;}\" data-widget_type=\"image.default\">\n\t\t\t\t<div class=\"elementor-widget-container\">\n\t\t\t\t\t\t\t\t\t\t\t\t\t\t\t<img fetchpriority=\"high\" decoding=\"async\" width=\"570\" height=\"400\" src=\"https:\/\/naturalmega.com\/wp-content\/uploads\/2023\/08\/become-partner-models.png\" class=\"attachment-full size-full wp-image-2793\" alt=\"\" title=\"\">\t\t\t\t\t\t\t\t\t\t\t\t\t\t\t<\/div>\n\t\t\t\t<\/div>\n\t\t\t\t\t<\/div>\n\t\t<\/div>\n\t\t\t\t\t<\/div>\n\t\t<\/section>\n\t\t\t\t<section class=\"elementor-section elementor-top-section elementor-element elementor-element-e109592 elementor-section-stretched elementor-section-boxed elementor-section-height-default elementor-section-height-default\" data-id=\"e109592\" data-element_type=\"section\" data-e-type=\"section\" data-settings=\"{&quot;stretch_section&quot;:&quot;section-stretched&quot;}\">\n\t\t\t\t\t\t<div class=\"elementor-container elementor-column-gap-default\">\n\t\t\t\t\t<div class=\"elementor-column elementor-col-50 elementor-top-column elementor-element elementor-element-ad736d5\" data-id=\"ad736d5\" data-element_type=\"column\" data-e-type=\"column\">\n\t\t\t<div class=\"elementor-widget-wrap elementor-element-populated\">\n\t\t\t\t\t\t<div class=\"elementor-element elementor-element-ce5caa9 elementor-widget elementor-widget-image\" data-id=\"ce5caa9\" data-element_type=\"widget\" data-e-type=\"widget\" data-widget_type=\"image.default\">\n\t\t\t\t<div class=\"elementor-widget-container\">\n\t\t\t\t\t\t\t\t\t\t\t\t\t\t\t<img decoding=\"async\" width=\"570\" height=\"400\" src=\"https:\/\/naturalmega.com\/wp-content\/uploads\/2023\/08\/become-partner-get.jpg\" class=\"attachment-full size-full wp-image-2828\" alt=\"\" title=\"\">\t\t\t\t\t\t\t\t\t\t\t\t\t\t\t<\/div>\n\t\t\t\t<\/div>\n\t\t\t\t\t<\/div>\n\t\t<\/div>\n\t\t\t\t<div class=\"elementor-column elementor-col-50 elementor-top-column elementor-element elementor-element-5d9c20b\" data-id=\"5d9c20b\" data-element_type=\"column\" data-e-type=\"column\">\n\t\t\t<div class=\"elementor-widget-wrap elementor-element-populated\">\n\t\t\t\t\t\t<div class=\"elementor-element elementor-element-1aa3dcd elementor-widget elementor-widget-heading\" data-id=\"1aa3dcd\" data-element_type=\"widget\" data-e-type=\"widget\" data-widget_type=\"heading.default\">\n\t\t\t\t<div class=\"elementor-widget-container\">\n\t\t\t\t\t<h2 class=\"elementor-heading-title elementor-size-default\">It doesn't matter where you are.  You don't need a budget.<\/h2>\t\t\t\t<\/div>\n\t\t\t\t<\/div>\n\t\t\t\t<div class=\"elementor-element elementor-element-4a1e577 elementor-widget elementor-widget-text-editor\" data-id=\"4a1e577\" data-element_type=\"widget\" data-e-type=\"widget\" data-widget_type=\"text-editor.default\">\n\t\t\t\t<div class=\"elementor-widget-container\">\n\t\t\t\t\t\t\t\t\t<p class=\"translation-block\">At <strong>NaturalMega<\/strong> we have a mission to positively change people's lives by delivering nutritional supplements that inspire a healthy lifestyle.<\/p>\n<p class=\"translation-block\">We offer you the best tools to create your own network of clients, and earn from <strong>20%<\/strong> to <strong>50%<\/strong> commission on all your sales. You don't need to invest money to start working at <strong>NaturalMega<\/strong>. You just need the willingness to improve your life, helping others achieve the wellness of good nutrition.<\/p>\t\t\t\t\t\t\t\t<\/div>\n\t\t\t\t<\/div>\n\t\t\t\t\t<\/div>\n\t\t<\/div>\n\t\t\t\t\t<\/div>\n\t\t<\/section>\n\t\t\t\t<section class=\"elementor-section elementor-top-section elementor-element elementor-element-22f9fb2 elementor-section-stretched elementor-section-boxed elementor-section-height-default elementor-section-height-default\" data-id=\"22f9fb2\" data-element_type=\"section\" data-e-type=\"section\" data-settings=\"{&quot;stretch_section&quot;:&quot;section-stretched&quot;,&quot;background_background&quot;:&quot;classic&quot;}\">\n\t\t\t\t\t\t<div class=\"elementor-container elementor-column-gap-default\">\n\t\t\t\t\t<div class=\"elementor-column elementor-col-100 elementor-top-column elementor-element elementor-element-96992a5\" data-id=\"96992a5\" data-element_type=\"column\" data-e-type=\"column\">\n\t\t\t<div class=\"elementor-widget-wrap elementor-element-populated\">\n\t\t\t\t\t\t<div class=\"elementor-element elementor-element-7b250e6 elementor-widget elementor-widget-heading\" data-id=\"7b250e6\" data-element_type=\"widget\" data-e-type=\"widget\" data-widget_type=\"heading.default\">\n\t\t\t\t<div class=\"elementor-widget-container\">\n\t\t\t\t\t<h2 class=\"elementor-heading-title elementor-size-default\">\u2013 FAQ \u2013<\/h2>\t\t\t\t<\/div>\n\t\t\t\t<\/div>\n\t\t\t\t<div class=\"elementor-element elementor-element-527b7a1 faqs elementor-widget elementor-widget-accordion\" data-id=\"527b7a1\" data-element_type=\"widget\" data-e-type=\"widget\" data-widget_type=\"accordion.default\">\n\t\t\t\t<div class=\"elementor-widget-container\">\n\t\t\t\t\t\t\t<div class=\"elementor-accordion\">\n\t\t\t\t\t\t\t<div class=\"elementor-accordion-item\">\n\t\t\t\t\t<div id=\"elementor-tab-title-8641\" class=\"elementor-tab-title\" data-tab=\"1\" role=\"button\" aria-controls=\"elementor-tab-content-8641\" aria-expanded=\"false\">\n\t\t\t\t\t\t\t\t\t\t\t\t\t<span class=\"elementor-accordion-icon elementor-accordion-icon-left\" aria-hidden=\"true\">\n\t\t\t\t\t\t\t\t\t\t\t\t\t\t\t<span class=\"elementor-accordion-icon-closed\"><i class=\"sim-icon icon-question\"><\/i><\/span>\n\t\t\t\t\t\t\t\t<span class=\"elementor-accordion-icon-opened\"><i class=\"sim-icon icon-arrow-right\"><\/i><\/span>\n\t\t\t\t\t\t\t\t\t\t\t\t\t\t<\/span>\n\t\t\t\t\t\t\t\t\t\t\t\t<a class=\"elementor-accordion-title\" tabindex=\"0\">Is this a pyramid model?<\/a>\n\t\t\t\t\t<\/div>\n\t\t\t\t\t<div id=\"elementor-tab-content-8641\" class=\"elementor-tab-content elementor-clearfix\" data-tab=\"1\" role=\"region\" aria-labelledby=\"elementor-tab-title-8641\"><p><span style=\"color: #ffff00;\"><strong>NO. OUR BUSINESS MODEL IS NOT PYRAMIDAL.<\/strong><\/span><\/p>\n<p class=\"translation-block\">At <strong>Natural Mega<\/strong> we encourage the formation of personalized and highly profitable marketing networks, based on the training of our Representatives, so that they can generate greater profits through the sales channels available in the market.  Sales profits at <strong>Natural Mega<\/strong> allow your Representatives to focus on what is most important: sales and customer loyalty.<\/p><\/div>\n\t\t\t\t<\/div>\n\t\t\t\t\t\t\t<div class=\"elementor-accordion-item\">\n\t\t\t\t\t<div id=\"elementor-tab-title-8642\" class=\"elementor-tab-title\" data-tab=\"2\" role=\"button\" aria-controls=\"elementor-tab-content-8642\" aria-expanded=\"false\">\n\t\t\t\t\t\t\t\t\t\t\t\t\t<span class=\"elementor-accordion-icon elementor-accordion-icon-left\" aria-hidden=\"true\">\n\t\t\t\t\t\t\t\t\t\t\t\t\t\t\t<span class=\"elementor-accordion-icon-closed\"><i class=\"sim-icon icon-question\"><\/i><\/span>\n\t\t\t\t\t\t\t\t<span class=\"elementor-accordion-icon-opened\"><i class=\"sim-icon icon-arrow-right\"><\/i><\/span>\n\t\t\t\t\t\t\t\t\t\t\t\t\t\t<\/span>\n\t\t\t\t\t\t\t\t\t\t\t\t<a class=\"elementor-accordion-title\" tabindex=\"0\"> How much do I have to invest to start working? <\/a>\n\t\t\t\t\t<\/div>\n\t\t\t\t\t<div id=\"elementor-tab-content-8642\" class=\"elementor-tab-content elementor-clearfix\" data-tab=\"2\" role=\"region\" aria-labelledby=\"elementor-tab-title-8642\"><p><span style=\"color: #ffff00;\"><strong>YOU DON'T NEED TO INVEST MONEY.<\/strong><\/span><\/p>\n<p class=\"translation-block\">Unlike all existing marketing networks, <strong>Natural Mega<\/strong> does not request membership payments, nor does it require the purchase of franchises or starter packages.  So you can start generating <strong>20% commission without investing a single penny<\/strong>.<\/p>\n<p>The only thing we demand from our Sales Representatives is the commitment to grow their own customer network by offering them facilities to continue taking advantage of our products.<\/p>\n<p>For this reason we personally interview and refine each Representative applicant, we check their sales capacity and their genuine interest in training and becoming part of our extensive chain of Distributors.<\/p><\/div>\n\t\t\t\t<\/div>\n\t\t\t\t\t\t\t<div class=\"elementor-accordion-item\">\n\t\t\t\t\t<div id=\"elementor-tab-title-8643\" class=\"elementor-tab-title\" data-tab=\"3\" role=\"button\" aria-controls=\"elementor-tab-content-8643\" aria-expanded=\"false\">\n\t\t\t\t\t\t\t\t\t\t\t\t\t<span class=\"elementor-accordion-icon elementor-accordion-icon-left\" aria-hidden=\"true\">\n\t\t\t\t\t\t\t\t\t\t\t\t\t\t\t<span class=\"elementor-accordion-icon-closed\"><i class=\"sim-icon icon-question\"><\/i><\/span>\n\t\t\t\t\t\t\t\t<span class=\"elementor-accordion-icon-opened\"><i class=\"sim-icon icon-arrow-right\"><\/i><\/span>\n\t\t\t\t\t\t\t\t\t\t\t\t\t\t<\/span>\n\t\t\t\t\t\t\t\t\t\t\t\t<a class=\"elementor-accordion-title\" tabindex=\"0\">What and how will my profits be?<\/a>\n\t\t\t\t\t<\/div>\n\t\t\t\t\t<div id=\"elementor-tab-content-8643\" class=\"elementor-tab-content elementor-clearfix\" data-tab=\"3\" role=\"region\" aria-labelledby=\"elementor-tab-title-8643\"><p class=\"translation-block\">When you are a Representative at <strong>Natural Mega<\/strong>, you start earning a <strong>20% commission<\/strong> on sales made through our store. Commissions can be viewed in real time from the Virtual Office that we assign to you on our platform.<\/p>\n<p class=\"translation-block\">As you generate profits for yourself, you will climb through various <strong>Reward Levels<\/strong>.  Every time you reach a new level, <strong>Natural Mega<\/strong> will increase your sales commission <strong>from 20% to 50% of profits<\/strong>.<\/p>\n<p>We are the only company that rewards its Representatives as they generate profits for themselves.<\/p><\/div>\n\t\t\t\t<\/div>\n\t\t\t\t\t\t\t<div class=\"elementor-accordion-item\">\n\t\t\t\t\t<div id=\"elementor-tab-title-8644\" class=\"elementor-tab-title\" data-tab=\"4\" role=\"button\" aria-controls=\"elementor-tab-content-8644\" aria-expanded=\"false\">\n\t\t\t\t\t\t\t\t\t\t\t\t\t<span class=\"elementor-accordion-icon elementor-accordion-icon-left\" aria-hidden=\"true\">\n\t\t\t\t\t\t\t\t\t\t\t\t\t\t\t<span class=\"elementor-accordion-icon-closed\"><i class=\"sim-icon icon-question\"><\/i><\/span>\n\t\t\t\t\t\t\t\t<span class=\"elementor-accordion-icon-opened\"><i class=\"sim-icon icon-arrow-right\"><\/i><\/span>\n\t\t\t\t\t\t\t\t\t\t\t\t\t\t<\/span>\n\t\t\t\t\t\t\t\t\t\t\t\t<a class=\"elementor-accordion-title\" tabindex=\"0\">How will I receive my earned commissions?<\/a>\n\t\t\t\t\t<\/div>\n\t\t\t\t\t<div id=\"elementor-tab-content-8644\" class=\"elementor-tab-content elementor-clearfix\" data-tab=\"4\" role=\"region\" aria-labelledby=\"elementor-tab-title-8644\"><p class=\"translation-block\">When you apply to be a Sales Representative at <strong>Natural Mega<\/strong>, we ask for your Paypal\u2122 account email address.<\/p>\n<p>Every week we transfer your generated commissions to your Paypal\u2122 account<span style=\"color: #ffff00;\">*<\/span><\/p>\n<p><span style=\"font-size: 8pt; color: #ffff00;\"><em>*Paypal\u2122 may apply different fees for transfers, depending on the country in which you created your Paypal\u2122 account.<\/em><\/span><\/p><\/div>\n\t\t\t\t<\/div>\n\t\t\t\t\t\t\t<div class=\"elementor-accordion-item\">\n\t\t\t\t\t<div id=\"elementor-tab-title-8645\" class=\"elementor-tab-title\" data-tab=\"5\" role=\"button\" aria-controls=\"elementor-tab-content-8645\" aria-expanded=\"false\">\n\t\t\t\t\t\t\t\t\t\t\t\t\t<span class=\"elementor-accordion-icon elementor-accordion-icon-left\" aria-hidden=\"true\">\n\t\t\t\t\t\t\t\t\t\t\t\t\t\t\t<span class=\"elementor-accordion-icon-closed\"><i class=\"sim-icon icon-question\"><\/i><\/span>\n\t\t\t\t\t\t\t\t<span class=\"elementor-accordion-icon-opened\"><i class=\"sim-icon icon-arrow-right\"><\/i><\/span>\n\t\t\t\t\t\t\t\t\t\t\t\t\t\t<\/span>\n\t\t\t\t\t\t\t\t\t\t\t\t<a class=\"elementor-accordion-title\" tabindex=\"0\"> How are my commissions generated?<\/a>\n\t\t\t\t\t<\/div>\n\t\t\t\t\t<div id=\"elementor-tab-content-8645\" class=\"elementor-tab-content elementor-clearfix\" data-tab=\"5\" role=\"region\" aria-labelledby=\"elementor-tab-title-8645\"><p class=\"translation-block\">When you are a Sales Representative at <strong>Natural Mega<\/strong>, we assign you a <strong>link<\/strong> or <strong>unique encrypted link<\/strong>.<\/p>\n<p>When a person enters our store through your link and purchases a product, our platform identifies the link and automatically credits you the corresponding percentage for the sale.<\/p>\n<p class=\"translation-block\">Your link will be active for <strong>60 days<\/strong> on the device from which the purchase was made.  Which means that purchases made from the device during those 60 days will continue to generate additional earnings.<\/p>\n<p class=\"translation-block\">You can also use your link to buy and generate commissions that will be reflected in your <strong>Natural Mega<\/strong> Virtual Office.<\/p>\n<p>You can share the link with your family, friends and relatives, through Whatsapp, social networks, email or any way you want.<\/p><\/div>\n\t\t\t\t<\/div>\n\t\t\t\t\t\t\t\t<\/div>\n\t\t\t\t\t\t<\/div>\n\t\t\t\t<\/div>\n\t\t\t\t\t<\/div>\n\t\t<\/div>\n\t\t\t\t\t<\/div>\n\t\t<\/section>\n\t\t\t\t<section class=\"elementor-section elementor-top-section elementor-element elementor-element-b0e9432 elementor-section-boxed elementor-section-height-default elementor-section-height-default\" data-id=\"b0e9432\" data-element_type=\"section\" data-e-type=\"section\">\n\t\t\t\t\t\t<div class=\"elementor-container elementor-column-gap-default\">\n\t\t\t\t\t<div class=\"elementor-column elementor-col-33 elementor-top-column elementor-element elementor-element-5e6bffc\" data-id=\"5e6bffc\" data-element_type=\"column\" data-e-type=\"column\">\n\t\t\t<div class=\"elementor-widget-wrap elementor-element-populated\">\n\t\t\t\t\t\t<div class=\"elementor-element elementor-element-26f94eb elementor-widget elementor-widget-heading\" data-id=\"26f94eb\" data-element_type=\"widget\" data-e-type=\"widget\" data-widget_type=\"heading.default\">\n\t\t\t\t<div class=\"elementor-widget-container\">\n\t\t\t\t\t<h2 class=\"elementor-heading-title elementor-size-default\">What do you need to get started?<\/h2>\t\t\t\t<\/div>\n\t\t\t\t<\/div>\n\t\t\t\t<div class=\"elementor-element elementor-element-59de280 elementor-widget elementor-widget-text-editor\" data-id=\"59de280\" data-element_type=\"widget\" data-e-type=\"widget\" data-widget_type=\"text-editor.default\">\n\t\t\t\t<div class=\"elementor-widget-container\">\n\t\t\t\t\t\t\t\t\t<p class=\"translation-block\">Earning money with <strong>Natural Mega<\/strong> products is very easy.  Just follow these <strong>three simple steps<\/strong> to register as a Sales Representative.  Let us help you develop your potential in business.<\/p>\t\t\t\t\t\t\t\t<\/div>\n\t\t\t\t<\/div>\n\t\t\t\t<div class=\"elementor-element elementor-element-3f3134c elementor-hidden-mobile elementor-widget elementor-widget-button\" data-id=\"3f3134c\" data-element_type=\"widget\" data-e-type=\"widget\" data-widget_type=\"button.default\">\n\t\t\t\t<div class=\"elementor-widget-container\">\n\t\t\t\t\t\t\t\t\t<div class=\"elementor-button-wrapper\">\n\t\t\t\t\t<a class=\"elementor-button elementor-button-link elementor-size-sm\" href=\"https:\/\/naturalmega.com\/en\/become-an-affiliate\/\">\n\t\t\t\t\t\t<span class=\"elementor-button-content-wrapper\">\n\t\t\t\t\t\t\t\t\t<span class=\"elementor-button-text\">Apply Now!<\/span>\n\t\t\t\t\t<\/span>\n\t\t\t\t\t<\/a>\n\t\t\t\t<\/div>\n\t\t\t\t\t\t\t\t<\/div>\n\t\t\t\t<\/div>\n\t\t\t\t\t<\/div>\n\t\t<\/div>\n\t\t\t\t<div class=\"elementor-column elementor-col-66 elementor-top-column elementor-element elementor-element-e3ede9d\" data-id=\"e3ede9d\" data-element_type=\"column\" data-e-type=\"column\">\n\t\t\t<div class=\"elementor-widget-wrap elementor-element-populated\">\n\t\t\t\t\t\t<div class=\"elementor-element elementor-element-8bd1d80 elementor-widget elementor-widget-accordion\" data-id=\"8bd1d80\" data-element_type=\"widget\" data-e-type=\"widget\" data-widget_type=\"accordion.default\">\n\t\t\t\t<div class=\"elementor-widget-container\">\n\t\t\t\t\t\t\t<div class=\"elementor-accordion\">\n\t\t\t\t\t\t\t<div class=\"elementor-accordion-item\">\n\t\t\t\t\t<div id=\"elementor-tab-title-1461\" class=\"elementor-tab-title\" data-tab=\"1\" role=\"button\" aria-controls=\"elementor-tab-content-1461\" aria-expanded=\"false\">\n\t\t\t\t\t\t\t\t\t\t\t\t<a class=\"elementor-accordion-title\" tabindex=\"0\"><i class=\"tb-icon tb-icon-pencil3\"> <\/i> STEP 1 - Register<\/a>\n\t\t\t\t\t<\/div>\n\t\t\t\t\t<div id=\"elementor-tab-content-1461\" class=\"elementor-tab-content elementor-clearfix\" data-tab=\"1\" role=\"region\" aria-labelledby=\"elementor-tab-title-1461\"><table class=\"steps\" style=\"border-collapse: collapse; width: 100%; border: none !important;\" cellspacing=\"0\" cellpadding=\"0\">\n<tbody>\n<tr>\n<td class=\"steps\" style=\"width: 50%; padding: 0px; margin: 0px;\"><img decoding=\"async\" src=\"https:\/\/naturalmega.com\/wp-content\/uploads\/2023\/08\/step1-513x360.jpg\" alt=\"\" width=\"513\" height=\"360\" size-medium title=\"\"><\/td>\n<td style=\"width: 50%;\" class=\"translation-block\">Complete the Application Form, and provide your <strong>full name, surname, email address, WhatsApp number<\/strong> and a <strong>Paypal account<\/strong> where you will receive your commissions.<\/td>\n<\/tr>\n<\/tbody>\n<\/table><\/div>\n\t\t\t\t<\/div>\n\t\t\t\t\t\t\t<div class=\"elementor-accordion-item\">\n\t\t\t\t\t<div id=\"elementor-tab-title-1462\" class=\"elementor-tab-title\" data-tab=\"2\" role=\"button\" aria-controls=\"elementor-tab-content-1462\" aria-expanded=\"false\">\n\t\t\t\t\t\t\t\t\t\t\t\t<a class=\"elementor-accordion-title\" tabindex=\"0\"><i class=\"far fa-paper-plane\"> <\/i> STEP 2 - Share your link<\/a>\n\t\t\t\t\t<\/div>\n\t\t\t\t\t<div id=\"elementor-tab-content-1462\" class=\"elementor-tab-content elementor-clearfix\" data-tab=\"2\" role=\"region\" aria-labelledby=\"elementor-tab-title-1462\"><table class=\"steps\" style=\"border-collapse: collapse; width: 100%; border: none !important;\" cellspacing=\"0\" cellpadding=\"0\">\n<tbody>\n<tr>\n<td class=\"steps\" style=\"width: 50%; padding: 0px; margin: 0px;\"><img loading=\"lazy\" decoding=\"async\" class=\"csteps size-medium wp-image-2911\" src=\"https:\/\/naturalmega.com\/wp-content\/uploads\/2023\/08\/step2-513x360.jpg\" alt=\"\" width=\"513\" height=\"360\" title=\"\"><\/td>\n<td style=\"width: 50%;\" class=\"translation-block\">Once you are approved as a Sales Representative, you will have access to your Virtual Office, where you will find a <strong>link<\/strong> or <strong>unique encrypted link<\/strong>, which you can <strong>share with everyone your friends and family<\/strong> who want to improve their health with the incredible <strong>Natural Mega<\/strong> nutritional supplements.<\/td>\n<\/tr>\n<\/tbody>\n<\/table><\/div>\n\t\t\t\t<\/div>\n\t\t\t\t\t\t\t<div class=\"elementor-accordion-item\">\n\t\t\t\t\t<div id=\"elementor-tab-title-1463\" class=\"elementor-tab-title\" data-tab=\"3\" role=\"button\" aria-controls=\"elementor-tab-content-1463\" aria-expanded=\"false\">\n\t\t\t\t\t\t\t\t\t\t\t\t<a class=\"elementor-accordion-title\" tabindex=\"0\"><i class=\"icon- icon-bubble\"> <\/i> STEP 3 - Earn money<\/a>\n\t\t\t\t\t<\/div>\n\t\t\t\t\t<div id=\"elementor-tab-content-1463\" class=\"elementor-tab-content elementor-clearfix\" data-tab=\"3\" role=\"region\" aria-labelledby=\"elementor-tab-title-1463\"><table class=\"steps\" style=\"border-collapse: collapse; width: 100%; border: none !important;\" cellspacing=\"0\" cellpadding=\"0\">\n<tbody>\n<tr>\n<td class=\"steps\" style=\"width: 50%; padding: 0px; margin: 0px;\"><img loading=\"lazy\" decoding=\"async\" class=\"step size-medium wp-image-2912\" src=\"https:\/\/naturalmega.com\/wp-content\/uploads\/2023\/08\/step3-513x360.jpg\" alt=\"\" width=\"513\" height=\"360\" title=\"\"><\/td>\n<td style=\"width: 50%;\" class=\"translation-block\">Every time a person enters our store using <strong>your link<\/strong>, and purchases one of our products, we will credit your Paypal account <strong>from 20% to 50% commission<\/strong> for the purchase of said product.<\/td>\n<\/tr>\n<\/tbody>\n<\/table><\/div>\n\t\t\t\t<\/div>\n\t\t\t\t\t\t\t\t<\/div>\n\t\t\t\t\t\t<\/div>\n\t\t\t\t<\/div>\n\t\t\t\t<div class=\"elementor-element elementor-element-f814a2f elementor-mobile-align-center elementor-hidden-desktop elementor-hidden-tablet elementor-widget elementor-widget-button\" data-id=\"f814a2f\" data-element_type=\"widget\" data-e-type=\"widget\" data-widget_type=\"button.default\">\n\t\t\t\t<div class=\"elementor-widget-container\">\n\t\t\t\t\t\t\t\t\t<div class=\"elementor-button-wrapper\">\n\t\t\t\t\t<a class=\"elementor-button elementor-button-link elementor-size-lg\" href=\"https:\/\/naturalmega.com\/en\/become-an-affiliate\/\">\n\t\t\t\t\t\t<span class=\"elementor-button-content-wrapper\">\n\t\t\t\t\t\t\t\t\t<span class=\"elementor-button-text\">Apply Now!<\/span>\n\t\t\t\t\t<\/span>\n\t\t\t\t\t<\/a>\n\t\t\t\t<\/div>\n\t\t\t\t\t\t\t\t<\/div>\n\t\t\t\t<\/div>\n\t\t\t\t\t<\/div>\n\t\t<\/div>\n\t\t\t\t\t<\/div>\n\t\t<\/section>\n\t\t\t\t<\/div>","protected":false},"excerpt":{"rendered":"<p>Convi\u00e9rtete en Distribuidor Autorizado y gana desde un 20% hasta un 50% de tus ventas Sin Capital \u2013 Sin Inventario \u2013 Sin Tienda No importa en d\u00f3nde est\u00e9s. No necesitas presupuesto En NaturalMega tenemos la misi\u00f3n de cambiar positivamente la vida de las personas, al entregar suplementos nutricionales que inspiran un estilo de vida saludable. &hellip; <a href=\"https:\/\/naturalmega.com\/en\/become-partner\/\" class=\"more-link\">Continue reading <span class=\"screen-reader-text\">Convi\u00e9rtete en Representante<\/span><\/a><\/p>","protected":false},"author":1,"featured_media":2828,"parent":0,"menu_order":0,"comment_status":"closed","ping_status":"closed","template":"","meta":{"footnotes":""},"class_list":["post-2750","page","type-page","status-publish","has-post-thumbnail","hentry"],"_links":{"self":[{"href":"https:\/\/naturalmega.com\/en\/wp-json\/wp\/v2\/pages\/2750","targetHints":{"allow":["GET"]}}],"collection":[{"href":"https:\/\/naturalmega.com\/en\/wp-json\/wp\/v2\/pages"}],"about":[{"href":"https:\/\/naturalmega.com\/en\/wp-json\/wp\/v2\/types\/page"}],"author":[{"embeddable":true,"href":"https:\/\/naturalmega.com\/en\/wp-json\/wp\/v2\/users\/1"}],"replies":[{"embeddable":true,"href":"https:\/\/naturalmega.com\/en\/wp-json\/wp\/v2\/comments?post=2750"}],"version-history":[{"count":51,"href":"https:\/\/naturalmega.com\/en\/wp-json\/wp\/v2\/pages\/2750\/revisions"}],"predecessor-version":[{"id":6184,"href":"https:\/\/naturalmega.com\/en\/wp-json\/wp\/v2\/pages\/2750\/revisions\/6184"}],"wp:featuredmedia":[{"embeddable":true,"href":"https:\/\/naturalmega.com\/en\/wp-json\/wp\/v2\/media\/2828"}],"wp:attachment":[{"href":"https:\/\/naturalmega.com\/en\/wp-json\/wp\/v2\/media?parent=2750"}],"curies":[{"name":"wp","href":"https:\/\/api.w.org\/{rel}","templated":true}]}}