{"id":13,"date":"2023-07-13T20:28:09","date_gmt":"2023-07-14T00:28:09","guid":{"rendered":"https:\/\/naturalmega.com\/?page_id=13"},"modified":"2025-01-21T14:34:23","modified_gmt":"2025-01-21T18:34:23","slug":"refund","status":"publish","type":"page","link":"https:\/\/naturalmega.com\/en\/refund\/","title":{"rendered":"Return policies"},"content":{"rendered":"\t\t<div data-elementor-type=\"wp-page\" data-elementor-id=\"13\" class=\"elementor elementor-13\">\n\t\t\t\t\t\t<section class=\"elementor-section elementor-top-section elementor-element elementor-element-3d4e9aac elementor-section-boxed elementor-section-height-default elementor-section-height-default\" data-id=\"3d4e9aac\" data-element_type=\"section\" data-e-type=\"section\">\n\t\t\t\t\t\t<div class=\"elementor-container elementor-column-gap-default\">\n\t\t\t\t\t<div class=\"elementor-column elementor-col-100 elementor-top-column elementor-element elementor-element-3095d06b\" data-id=\"3095d06b\" data-element_type=\"column\" data-e-type=\"column\">\n\t\t\t<div class=\"elementor-widget-wrap elementor-element-populated\">\n\t\t\t\t\t\t<div class=\"elementor-element elementor-element-a68ad9e elementor-widget elementor-widget-tbay-heading\" data-id=\"a68ad9e\" data-element_type=\"widget\" data-e-type=\"widget\" data-widget_type=\"tbay-heading.default\">\n\t\t\t\t<div class=\"elementor-widget-container\">\n\t\t\t\t\t\r\n<div class=\"tbay-element tbay-element-heading\">\r\n\t\t\t\t<h3 class=\"heading-tbay-title\">\r\n\t\t\t\t\t\t\t\t\t<span class=\"title\">Pol\u00edticas de devoluciones<\/span>\r\n\t\t\t\t\t    \t\r\n\t\t\t\t\t\t\t<\/h3>\r\n\t\t<\/div>\t\t\t\t<\/div>\n\t\t\t\t<\/div>\n\t\t\t\t<div class=\"elementor-element elementor-element-27c29e2f elementor-widget elementor-widget-text-editor\" data-id=\"27c29e2f\" data-element_type=\"widget\" data-e-type=\"widget\" data-widget_type=\"text-editor.default\">\n\t\t\t\t<div class=\"elementor-widget-container\">\n\t\t\t\t\t\t\t\t\t<section id=\"main-container\" class=\"container\">\n<div class=\"row \">\n<div id=\"main-content\" class=\"main-page col-12\">\n<div id=\"main\" class=\"site-main\">\n<p><strong>DEVOLUCIONES<\/strong><\/p>\n<p>Nuestra pol\u00edtica de devoluciones tiene una vigencia de 30 d\u00edas. Si han pasado 30 d\u00edas desde tu compra, por desgracia no podemos ofrecer un reembolso o cambio.<\/p>\n<p>Para ser elegible para una devoluci\u00f3n, el art\u00edculo debe estar sin usar y en las mismas condiciones en que lo recibiste. Tambi\u00e9n debe estar en su embalaje original.<\/p>\n<p><strong>Reembolsos (donde aplique)<\/strong><\/p>\n<p>Una vez que tu devoluci\u00f3n es recibida e inspeccionada, enviaremos un correo electr\u00f3nico para notificarte que hemos recibido tu devoluci\u00f3n. Tambi\u00e9n te notificaremos la aprobaci\u00f3n o rechazo de tu reembolso.<\/p>\n<p>Si eres aprobado, entonces tu reembolso ser\u00e1 procesado y un cr\u00e9dito ser\u00e1 autom\u00e1ticamente aplicado a tu tarjeta de cr\u00e9dito o m\u00e9todo original de pago, en una cierta cantidad de d\u00edas.<\/p>\n<p><strong>Reembolsos tard\u00edos o perdidos (donde aplique)<\/strong><\/p>\n<p>Si a\u00fan no has recibido tu reembolso, por favor verifica tu cuenta bancaria otra vez.<\/p>\n<p>Luego contacta a tu compa\u00f1\u00eda de tarjeta de cr\u00e9dito, puede tomar alg\u00fan tiempo antes de que tu reembolso se postee oficialmente.<\/p>\n<p><strong>Pr\u00f3ximo paso:<\/strong> contacta a tu banco. A menudo pasa cierto tiempo antes de que tu reembolso se refleje en tu tarjeta de cr\u00e9dito.<\/p>\n<p>Si has seguido todos estos pasos y a\u00fan no has recibido el reembolso, por favor cont\u00e1ctanos a <strong>info[arroba]naturalmega.com<\/strong><\/p>\n<p><strong>Art\u00edculos en oferta (donde aplique)<\/strong><\/p>\n<p>S\u00f3lo los art\u00edculos a precio regular ser\u00e1n reembolsados, desafortunadamente los productos en oferta o con descuentos, no pueden ser reembolsados.<\/p>\n<p><strong>Intercambios (donde aplique)<\/strong><\/p>\n<p>S\u00f3lo reemplazamos art\u00edculos que est\u00e9n defectuosos o da\u00f1ados. Si necesitas cambiarlo por el mismo art\u00edculo, env\u00edanos un correo electr\u00f3nico a <strong>info[arroba]naturalmega.com<\/strong> o por correo postal a<strong> NATURAL MEGA, LLC. 200 N Washington St, PO Box 320664, Alexandria, VA 22320. Estados Unidos de Norteam\u00e9rica<\/strong>.<\/p>\n<p><strong>Env\u00edo<\/strong><\/p>\n<p>Para devolver tu producto, debes enviarlos a: <strong>NATURAL MEGA, LLC. 200 N Washington St, PO Box 320664, Alexandria, VA 22320. Estados Unidos de Norteam\u00e9rica<\/strong>.<\/p>\n<p>Ser\u00e1s responsable por el pago de los costos de env\u00edo para el retorno del art\u00edculo. Los costos de env\u00edo no son reembolsables. Si recibes un reembolso, el costo del env\u00edo de la devoluci\u00f3n ser\u00e1 deducido de tu reembolso.<\/p>\n<p>Dependiendo de d\u00f3nde vivas, el tiempo que tome recibir el producto intercambiado, puede variar.<\/p>\n<p>Si est\u00e1s devolviendo un producto con un valor mayor a $75, deber\u00edas considerar usar un servicio de env\u00edo rastreable o comprar seguro para el env\u00edo. De lo contrario, no se garantiza que podamos recibir tu devoluci\u00f3n.<\/p>\n<p><strong>PREGUNTAS E INFORMACI\u00d3N DE CONTACTO<\/strong><\/p>\n<p>Si quieres: acceder, corregir, enmendar o borrar cualquier informaci\u00f3n personal que poseamos sobre ti, registrar una queja, o simplemente quieres m\u00e1s informaci\u00f3n, por favor contacta a nuestro Oficial de Cumplimiento de Privacidad en <strong>info[arroba]naturalmega.com<\/strong>, por tel\u00e9fono al <strong>(413)417-1928<\/strong>, o por correo postal a <strong>NATURAL MEGA, LLC. 200 N Washington St, PO Box 320664, Alexandria, VA 22320. Estados Unidos de Norteam\u00e9rica<\/strong>.<\/p>\n<\/div>\n<\/div>\n<\/div>\n<\/section>\t\t\t\t\t\t\t\t<\/div>\n\t\t\t\t<\/div>\n\t\t\t\t\t<\/div>\n\t\t<\/div>\n\t\t\t\t\t<\/div>\n\t\t<\/section>\n\t\t\t\t<\/div>\n\t\t","protected":false},"excerpt":{"rendered":"<p>Pol\u00edticas de devoluciones DEVOLUCIONES Nuestra pol\u00edtica de devoluciones tiene una vigencia de 30 d\u00edas. Si han pasado 30 d\u00edas desde tu compra, por desgracia no podemos ofrecer un reembolso o cambio. Para ser elegible para una devoluci\u00f3n, el art\u00edculo debe estar sin usar y en las mismas condiciones en que lo recibiste. Tambi\u00e9n debe estar &hellip; <a href=\"https:\/\/naturalmega.com\/en\/refund\/\" class=\"more-link\">Continue reading <span class=\"screen-reader-text\">Return policies<\/span><\/a><\/p>","protected":false},"author":1,"featured_media":0,"parent":0,"menu_order":0,"comment_status":"closed","ping_status":"closed","template":"","meta":{"footnotes":""},"class_list":["post-13","page","type-page","status-publish","hentry"],"_links":{"self":[{"href":"https:\/\/naturalmega.com\/en\/wp-json\/wp\/v2\/pages\/13","targetHints":{"allow":["GET"]}}],"collection":[{"href":"https:\/\/naturalmega.com\/en\/wp-json\/wp\/v2\/pages"}],"about":[{"href":"https:\/\/naturalmega.com\/en\/wp-json\/wp\/v2\/types\/page"}],"author":[{"embeddable":true,"href":"https:\/\/naturalmega.com\/en\/wp-json\/wp\/v2\/users\/1"}],"replies":[{"embeddable":true,"href":"https:\/\/naturalmega.com\/en\/wp-json\/wp\/v2\/comments?post=13"}],"version-history":[{"count":11,"href":"https:\/\/naturalmega.com\/en\/wp-json\/wp\/v2\/pages\/13\/revisions"}],"predecessor-version":[{"id":5890,"href":"https:\/\/naturalmega.com\/en\/wp-json\/wp\/v2\/pages\/13\/revisions\/5890"}],"wp:attachment":[{"href":"https:\/\/naturalmega.com\/en\/wp-json\/wp\/v2\/media?parent=13"}],"curies":[{"name":"wp","href":"https:\/\/api.w.org\/{rel}","templated":true}]}}